{"id":19273,"date":"2022-07-17T13:53:10","date_gmt":"2022-07-17T18:53:10","guid":{"rendered":"https:\/\/drinkhealthybeverages.ca\/?post_type=product&#038;p=19273"},"modified":"2024-08-26T12:14:33","modified_gmt":"2024-08-26T16:14:33","slug":"sirop-infuse-tonique","status":"publish","type":"product","link":"https:\/\/drinkhealthybeverages.ca\/en\/product\/sirop-infuse-tonique\/","title":{"rendered":"Tonic Infused Syrup"},"content":{"rendered":"<p>Pr\u00e9parez-vous \u00e0 vivre une exp\u00e9rience unique avec les saveurs florales et botaniques de l&rsquo;hibiscus, au c\u0153ur des nouvelles tendances. L&rsquo;hibiscus est une fa\u00e7on unique d&rsquo;ajouter une touche d&rsquo;exotisme par sa couleur \u00e9clatante et ses riches ar\u00f4mes.<\/p>\r\n<p>Fabriqu\u00e9s \u00e0 base d&rsquo;eau infus\u00e9e \u00e0 chaud avec de la fleur d&rsquo;hibiscus d&rsquo;Egypte et un sucre de canne biologique, ses ingr\u00e9dients sont de qualit\u00e9 sup\u00e9rieure, sans additifs ni agent de conservation.<\/p>\r\n<p>L&rsquo;hibiscus de Coq&rsquo;Tail est parfait pour laisser libre cours \u00e0 des cr\u00e9ations de boissons exquises, aux couleurs vives ou consultez nos recettes savamment d\u00e9velopp\u00e9es pour obtenir une mixologie \u00e0 l&rsquo;\u00e9quilibre parfait!<\/p>","protected":false},"excerpt":{"rendered":"<p>Un sirop Tonique de mixologie Coq\u2019Tail compos\u00e9 d&rsquo;ingr\u00e9dients de qualit\u00e9 sup\u00e9rieure au-del\u00e0 des sodas toniques conventionnels.<\/p>","protected":false},"featured_media":20525,"template":"","meta":{"_monsterinsights_skip_tracking":false,"_monsterinsights_sitenote_active":false,"_monsterinsights_sitenote_note":"","_monsterinsights_sitenote_category":0},"product_brand":[],"product_cat":[35],"product_tag":[],"class_list":{"0":"post-19273","1":"product","2":"type-product","3":"status-publish","4":"has-post-thumbnail","6":"product_cat-coqtail-mixologie","8":"first","9":"instock","10":"taxable","11":"shipping-taxable","12":"purchasable","13":"product-type-simple"},"yoast_head":"<!-- This site is optimized with the Yoast SEO plugin v27.3 - https:\/\/yoast.com\/product\/yoast-seo-wordpress\/ -->\n<title>Sirop Infus\u00e9 Tonique - COQ&#039;TAIL<\/title>\n<meta name=\"description\" content=\"Un sirop Tonique de mixologie Coq\u2019Tail compos\u00e9 d&#039;ingr\u00e9dients de qualit\u00e9 sup\u00e9rieure au-del\u00e0 des sodas toniques conventionnels.\" \/>\n<meta name=\"robots\" content=\"index, follow, max-snippet:-1, max-image-preview:large, max-video-preview:-1\" \/>\n<link rel=\"canonical\" href=\"https:\/\/drinkhealthybeverages.ca\/en\/product\/sirop-infuse-tonique\/\" \/>\n<meta property=\"og:locale\" content=\"en_US\" \/>\n<meta property=\"og:type\" content=\"article\" \/>\n<meta property=\"og:title\" content=\"Sirop Infus\u00e9 Tonique - COQ&#039;TAIL\" \/>\n<meta property=\"og:description\" content=\"Un sirop Tonique de mixologie Coq\u2019Tail compos\u00e9 d&#039;ingr\u00e9dients de qualit\u00e9 sup\u00e9rieure au-del\u00e0 des sodas toniques conventionnels.\" \/>\n<meta property=\"og:url\" content=\"https:\/\/drinkhealthybeverages.ca\/en\/product\/sirop-infuse-tonique\/\" \/>\n<meta property=\"og:site_name\" content=\"COQ&#039;TAIL\" \/>\n<meta property=\"article:publisher\" content=\"https:\/\/www.facebook.com\/coqtailsirop\" \/>\n<meta property=\"article:modified_time\" content=\"2024-08-26T16:14:33+00:00\" \/>\n<meta property=\"og:image\" content=\"https:\/\/drinkhealthybeverages.ca\/wp-content\/uploads\/TONIQUE.png\" \/>\n\t<meta property=\"og:image:width\" content=\"630\" \/>\n\t<meta property=\"og:image:height\" content=\"1200\" \/>\n\t<meta property=\"og:image:type\" content=\"image\/png\" \/>\n<meta name=\"twitter:card\" content=\"summary_large_image\" \/>\n<meta name=\"twitter:title\" content=\"Sirop Infus\u00e9 Tonique - COQ&#039;TAIL\" \/>\n<meta name=\"twitter:description\" content=\"Un sirop Tonique de mixologie Coq\u2019Tail compos\u00e9 d&#039;ingr\u00e9dients de qualit\u00e9 sup\u00e9rieure au-del\u00e0 des sodas toniques conventionnels.\" \/>\n<meta name=\"twitter:label1\" content=\"Est. reading time\" \/>\n\t<meta name=\"twitter:data1\" content=\"1 minute\" \/>\n<script type=\"application\/ld+json\" class=\"yoast-schema-graph\">{\"@context\":\"https:\\\/\\\/schema.org\",\"@graph\":[{\"@type\":\"WebPage\",\"@id\":\"https:\\\/\\\/drinkhealthybeverages.ca\\\/product\\\/sirop-infuse-tonique\\\/\",\"url\":\"https:\\\/\\\/drinkhealthybeverages.ca\\\/product\\\/sirop-infuse-tonique\\\/\",\"name\":\"Sirop Infus\u00e9 Tonique - COQ&#039;TAIL\",\"isPartOf\":{\"@id\":\"https:\\\/\\\/drinkhealthybeverages.ca\\\/#website\"},\"primaryImageOfPage\":{\"@id\":\"https:\\\/\\\/drinkhealthybeverages.ca\\\/product\\\/sirop-infuse-tonique\\\/#primaryimage\"},\"image\":{\"@id\":\"https:\\\/\\\/drinkhealthybeverages.ca\\\/product\\\/sirop-infuse-tonique\\\/#primaryimage\"},\"thumbnailUrl\":\"https:\\\/\\\/drinkhealthybeverages.ca\\\/wp-content\\\/uploads\\\/TONIQUE.png\",\"datePublished\":\"2022-07-17T18:53:10+00:00\",\"dateModified\":\"2024-08-26T16:14:33+00:00\",\"description\":\"Un sirop Tonique de mixologie Coq\u2019Tail compos\u00e9 d'ingr\u00e9dients de qualit\u00e9 sup\u00e9rieure au-del\u00e0 des sodas toniques conventionnels.\",\"breadcrumb\":{\"@id\":\"https:\\\/\\\/drinkhealthybeverages.ca\\\/product\\\/sirop-infuse-tonique\\\/#breadcrumb\"},\"inLanguage\":\"en-US\",\"potentialAction\":[{\"@type\":\"ReadAction\",\"target\":[\"https:\\\/\\\/drinkhealthybeverages.ca\\\/product\\\/sirop-infuse-tonique\\\/\"]}]},{\"@type\":\"ImageObject\",\"inLanguage\":\"en-US\",\"@id\":\"https:\\\/\\\/drinkhealthybeverages.ca\\\/product\\\/sirop-infuse-tonique\\\/#primaryimage\",\"url\":\"https:\\\/\\\/drinkhealthybeverages.ca\\\/wp-content\\\/uploads\\\/TONIQUE.png\",\"contentUrl\":\"https:\\\/\\\/drinkhealthybeverages.ca\\\/wp-content\\\/uploads\\\/TONIQUE.png\",\"width\":630,\"height\":1200,\"caption\":\"Sirop Infus\u00e9 Tonique - Coq'Tail Mixologie\"},{\"@type\":\"BreadcrumbList\",\"@id\":\"https:\\\/\\\/drinkhealthybeverages.ca\\\/product\\\/sirop-infuse-tonique\\\/#breadcrumb\",\"itemListElement\":[{\"@type\":\"ListItem\",\"position\":1,\"name\":\"Accueil\",\"item\":\"https:\\\/\\\/drinkhealthybeverages.ca\\\/\"},{\"@type\":\"ListItem\",\"position\":2,\"name\":\"Shop\",\"item\":\"https:\\\/\\\/drinkhealthybeverages.ca\\\/shop-old\\\/\"},{\"@type\":\"ListItem\",\"position\":3,\"name\":\"Sirop Infus\u00e9 Tonique\"}]},{\"@type\":\"WebSite\",\"@id\":\"https:\\\/\\\/drinkhealthybeverages.ca\\\/#website\",\"url\":\"https:\\\/\\\/drinkhealthybeverages.ca\\\/\",\"name\":\"COQ'TAIL\",\"description\":\"La Mixologie Simplifi\u00e9e\",\"publisher\":{\"@id\":\"https:\\\/\\\/drinkhealthybeverages.ca\\\/#organization\"},\"potentialAction\":[{\"@type\":\"SearchAction\",\"target\":{\"@type\":\"EntryPoint\",\"urlTemplate\":\"https:\\\/\\\/drinkhealthybeverages.ca\\\/?s={search_term_string}\"},\"query-input\":{\"@type\":\"PropertyValueSpecification\",\"valueRequired\":true,\"valueName\":\"search_term_string\"}}],\"inLanguage\":\"en-US\"},{\"@type\":\"Organization\",\"@id\":\"https:\\\/\\\/drinkhealthybeverages.ca\\\/#organization\",\"name\":\"COQ'TAIL\",\"alternateName\":\"La mixologie simplifi\u00e9e\",\"url\":\"https:\\\/\\\/drinkhealthybeverages.ca\\\/\",\"logo\":{\"@type\":\"ImageObject\",\"inLanguage\":\"en-US\",\"@id\":\"https:\\\/\\\/drinkhealthybeverages.ca\\\/#\\\/schema\\\/logo\\\/image\\\/\",\"url\":\"https:\\\/\\\/i0.wp.com\\\/coqtail.ca\\\/wp-content\\\/uploads\\\/Logo-footer_fr.jpg?fit=1000%2C1154&ssl=1\",\"contentUrl\":\"https:\\\/\\\/i0.wp.com\\\/coqtail.ca\\\/wp-content\\\/uploads\\\/Logo-footer_fr.jpg?fit=1000%2C1154&ssl=1\",\"width\":1000,\"height\":1154,\"caption\":\"COQ'TAIL\"},\"image\":{\"@id\":\"https:\\\/\\\/drinkhealthybeverages.ca\\\/#\\\/schema\\\/logo\\\/image\\\/\"},\"sameAs\":[\"https:\\\/\\\/www.facebook.com\\\/coqtailsirop\"]}]}<\/script>\n<!-- \/ Yoast SEO plugin. -->","yoast_head_json":{"title":"Sirop Infus\u00e9 Tonique - COQ&#039;TAIL","description":"Un sirop Tonique de mixologie Coq\u2019Tail compos\u00e9 d'ingr\u00e9dients de qualit\u00e9 sup\u00e9rieure au-del\u00e0 des sodas toniques conventionnels.","robots":{"index":"index","follow":"follow","max-snippet":"max-snippet:-1","max-image-preview":"max-image-preview:large","max-video-preview":"max-video-preview:-1"},"canonical":"https:\/\/drinkhealthybeverages.ca\/en\/product\/sirop-infuse-tonique\/","og_locale":"en_US","og_type":"article","og_title":"Sirop Infus\u00e9 Tonique - COQ&#039;TAIL","og_description":"Un sirop Tonique de mixologie Coq\u2019Tail compos\u00e9 d'ingr\u00e9dients de qualit\u00e9 sup\u00e9rieure au-del\u00e0 des sodas toniques conventionnels.","og_url":"https:\/\/drinkhealthybeverages.ca\/en\/product\/sirop-infuse-tonique\/","og_site_name":"COQ&#039;TAIL","article_publisher":"https:\/\/www.facebook.com\/coqtailsirop","article_modified_time":"2024-08-26T16:14:33+00:00","og_image":[{"width":630,"height":1200,"url":"https:\/\/drinkhealthybeverages.ca\/wp-content\/uploads\/TONIQUE.png","type":"image\/png"}],"twitter_card":"summary_large_image","twitter_title":"Sirop Infus\u00e9 Tonique - COQ&#039;TAIL","twitter_description":"Un sirop Tonique de mixologie Coq\u2019Tail compos\u00e9 d'ingr\u00e9dients de qualit\u00e9 sup\u00e9rieure au-del\u00e0 des sodas toniques conventionnels.","twitter_misc":{"Est. reading time":"1 minute"},"schema":{"@context":"https:\/\/schema.org","@graph":[{"@type":"WebPage","@id":"https:\/\/drinkhealthybeverages.ca\/product\/sirop-infuse-tonique\/","url":"https:\/\/drinkhealthybeverages.ca\/product\/sirop-infuse-tonique\/","name":"Sirop Infus\u00e9 Tonique - COQ&#039;TAIL","isPartOf":{"@id":"https:\/\/drinkhealthybeverages.ca\/#website"},"primaryImageOfPage":{"@id":"https:\/\/drinkhealthybeverages.ca\/product\/sirop-infuse-tonique\/#primaryimage"},"image":{"@id":"https:\/\/drinkhealthybeverages.ca\/product\/sirop-infuse-tonique\/#primaryimage"},"thumbnailUrl":"https:\/\/drinkhealthybeverages.ca\/wp-content\/uploads\/TONIQUE.png","datePublished":"2022-07-17T18:53:10+00:00","dateModified":"2024-08-26T16:14:33+00:00","description":"Un sirop Tonique de mixologie Coq\u2019Tail compos\u00e9 d'ingr\u00e9dients de qualit\u00e9 sup\u00e9rieure au-del\u00e0 des sodas toniques conventionnels.","breadcrumb":{"@id":"https:\/\/drinkhealthybeverages.ca\/product\/sirop-infuse-tonique\/#breadcrumb"},"inLanguage":"en-US","potentialAction":[{"@type":"ReadAction","target":["https:\/\/drinkhealthybeverages.ca\/product\/sirop-infuse-tonique\/"]}]},{"@type":"ImageObject","inLanguage":"en-US","@id":"https:\/\/drinkhealthybeverages.ca\/product\/sirop-infuse-tonique\/#primaryimage","url":"https:\/\/drinkhealthybeverages.ca\/wp-content\/uploads\/TONIQUE.png","contentUrl":"https:\/\/drinkhealthybeverages.ca\/wp-content\/uploads\/TONIQUE.png","width":630,"height":1200,"caption":"Sirop Infus\u00e9 Tonique - Coq'Tail Mixologie"},{"@type":"BreadcrumbList","@id":"https:\/\/drinkhealthybeverages.ca\/product\/sirop-infuse-tonique\/#breadcrumb","itemListElement":[{"@type":"ListItem","position":1,"name":"Accueil","item":"https:\/\/drinkhealthybeverages.ca\/"},{"@type":"ListItem","position":2,"name":"Shop","item":"https:\/\/drinkhealthybeverages.ca\/shop-old\/"},{"@type":"ListItem","position":3,"name":"Sirop Infus\u00e9 Tonique"}]},{"@type":"WebSite","@id":"https:\/\/drinkhealthybeverages.ca\/#website","url":"https:\/\/drinkhealthybeverages.ca\/","name":"COQ'TAIL","description":"La Mixologie Simplifi\u00e9e","publisher":{"@id":"https:\/\/drinkhealthybeverages.ca\/#organization"},"potentialAction":[{"@type":"SearchAction","target":{"@type":"EntryPoint","urlTemplate":"https:\/\/drinkhealthybeverages.ca\/?s={search_term_string}"},"query-input":{"@type":"PropertyValueSpecification","valueRequired":true,"valueName":"search_term_string"}}],"inLanguage":"en-US"},{"@type":"Organization","@id":"https:\/\/drinkhealthybeverages.ca\/#organization","name":"COQ'TAIL","alternateName":"La mixologie simplifi\u00e9e","url":"https:\/\/drinkhealthybeverages.ca\/","logo":{"@type":"ImageObject","inLanguage":"en-US","@id":"https:\/\/drinkhealthybeverages.ca\/#\/schema\/logo\/image\/","url":"https:\/\/i0.wp.com\/coqtail.ca\/wp-content\/uploads\/Logo-footer_fr.jpg?fit=1000%2C1154&ssl=1","contentUrl":"https:\/\/i0.wp.com\/coqtail.ca\/wp-content\/uploads\/Logo-footer_fr.jpg?fit=1000%2C1154&ssl=1","width":1000,"height":1154,"caption":"COQ'TAIL"},"image":{"@id":"https:\/\/drinkhealthybeverages.ca\/#\/schema\/logo\/image\/"},"sameAs":["https:\/\/www.facebook.com\/coqtailsirop"]}]}},"_links":{"self":[{"href":"https:\/\/drinkhealthybeverages.ca\/en\/wp-json\/wp\/v2\/product\/19273","targetHints":{"allow":["GET"]}}],"collection":[{"href":"https:\/\/drinkhealthybeverages.ca\/en\/wp-json\/wp\/v2\/product"}],"about":[{"href":"https:\/\/drinkhealthybeverages.ca\/en\/wp-json\/wp\/v2\/types\/product"}],"wp:featuredmedia":[{"embeddable":true,"href":"https:\/\/drinkhealthybeverages.ca\/en\/wp-json\/wp\/v2\/media\/20525"}],"wp:attachment":[{"href":"https:\/\/drinkhealthybeverages.ca\/en\/wp-json\/wp\/v2\/media?parent=19273"}],"wp:term":[{"taxonomy":"product_brand","embeddable":true,"href":"https:\/\/drinkhealthybeverages.ca\/en\/wp-json\/wp\/v2\/product_brand?post=19273"},{"taxonomy":"product_cat","embeddable":true,"href":"https:\/\/drinkhealthybeverages.ca\/en\/wp-json\/wp\/v2\/product_cat?post=19273"},{"taxonomy":"product_tag","embeddable":true,"href":"https:\/\/drinkhealthybeverages.ca\/en\/wp-json\/wp\/v2\/product_tag?post=19273"}],"curies":[{"name":"wp","href":"https:\/\/api.w.org\/{rel}","templated":true}]}}